{"id":1266,"date":"2023-05-04T09:07:36","date_gmt":"2023-05-04T07:07:36","guid":{"rendered":"https:\/\/tamarakreislergallery.com\/artistas\/cesar-barrio"},"modified":"2024-07-11T10:55:43","modified_gmt":"2024-07-11T08:55:43","slug":"cesar-barrio","status":"publish","type":"page","link":"https:\/\/tamarakreislergallery.com\/en\/artists\/cesar-barrio","title":{"rendered":"C\u00e9sar Barrio"},"content":{"rendered":"\t\t<div data-elementor-type=\"wp-page\" data-elementor-id=\"1266\" class=\"elementor elementor-1266 elementor-278\" data-elementor-post-type=\"page\">\n\t\t\t\t\t\t<section class=\"elementor-section elementor-top-section elementor-element elementor-element-b87b5dd elementor-section-boxed elementor-section-height-default elementor-section-height-default\" data-id=\"b87b5dd\" data-element_type=\"section\" data-e-type=\"section\">\n\t\t\t\t\t\t<div class=\"elementor-container elementor-column-gap-default\">\n\t\t\t\t\t<div class=\"elementor-column elementor-col-50 elementor-top-column elementor-element elementor-element-82e9127\" data-id=\"82e9127\" data-element_type=\"column\" data-e-type=\"column\">\n\t\t\t<div class=\"elementor-widget-wrap elementor-element-populated\">\n\t\t\t\t\t\t<div class=\"elementor-element elementor-element-62f1295 elementor-widget elementor-widget-image\" data-id=\"62f1295\" data-element_type=\"widget\" data-e-type=\"widget\" data-widget_type=\"image.default\">\n\t\t\t\t<div class=\"elementor-widget-container\">\n\t\t\t\t\t\t\t\t\t\t\t\t\t\t\t<img fetchpriority=\"high\" decoding=\"async\" width=\"371\" height=\"328\" src=\"https:\/\/tamarakreislergallery.com\/wp-content\/uploads\/2023\/05\/cb.webp\" class=\"attachment-large size-large wp-image-377\" alt=\"\" srcset=\"https:\/\/tamarakreislergallery.com\/wp-content\/uploads\/2023\/05\/cb.webp 371w, https:\/\/tamarakreislergallery.com\/wp-content\/uploads\/2023\/05\/cb-300x265.webp 300w\" sizes=\"(max-width: 371px) 100vw, 371px\" \/>\t\t\t\t\t\t\t\t\t\t\t\t\t\t\t<\/div>\n\t\t\t\t<\/div>\n\t\t\t\t\t<\/div>\n\t\t<\/div>\n\t\t\t\t<div class=\"elementor-column elementor-col-50 elementor-top-column elementor-element elementor-element-f70b626\" data-id=\"f70b626\" data-element_type=\"column\" data-e-type=\"column\">\n\t\t\t<div class=\"elementor-widget-wrap elementor-element-populated\">\n\t\t\t\t\t\t<div class=\"elementor-element elementor-element-b729d45 elementor-widget elementor-widget-heading\" data-id=\"b729d45\" data-element_type=\"widget\" data-e-type=\"widget\" data-widget_type=\"heading.default\">\n\t\t\t\t<div class=\"elementor-widget-container\">\n\t\t\t\t\t<h2 class=\"elementor-heading-title elementor-size-default\">C\u00c9SAR BARRIO<\/h2>\t\t\t\t<\/div>\n\t\t\t\t<\/div>\n\t\t\t\t<div class=\"elementor-element elementor-element-d1e0664 elementor-widget elementor-widget-text-editor\" data-id=\"d1e0664\" data-element_type=\"widget\" data-e-type=\"widget\" data-widget_type=\"text-editor.default\">\n\t\t\t\t<div class=\"elementor-widget-container\">\n\t\t\t\t\t\t\t\t\t<p>Es un artista que partiendo de la pintura, trabaja en otros formatos como la escultura, el video arte, o la performance creando un di\u00e1logo con esta. Su obra plantea una reflexi\u00f3n sobre que es propiamente la pintura. Realiz\u00e1ndose preguntas sobre el espacio, la escala o la luz y la profundidad, y sobre el propio proceso creativo en s\u00ed. Esa b\u00fasqueda perif\u00e9rica y fronteriza le lleva a desarrollar su trabajo entre sus dos estudios en Lisboa y Madrid y a realizar sus \u00faltimas acciones art\u00edsticas en la Fundaci\u00f3n Juan March de Madrid dentro del ciclo <em>M\u00fasica Visual<\/em> (2023), y en el MUN de Pamplona (2023) y en el Kursaal de San Sebasti\u00e1n (2022) en un <em>Homenaje a los Encuentros de Pamplona<\/em> con Sigma Project Quartet, as\u00ed como a publicar su ensayo sobre arte <em>Lo que no se ve<\/em>, (2021) con la editorial Archivos Vola. Su pieza de video Milk Split on a Stone (2022) con m\u00fasica de Helga Arias fue seleccionada este a\u00f1o en el VIII Festival de M\u00fasica electroac\u00fastica y audiovisual de Chile.<\/p><p>Entre sus \u00faltimos proyectos destacan las exposiciones individuales <em>A inven\u00e7\u00e3o de dist\u00e2ncias<\/em> (2023) en el Museo de Historia Natural de Lisboa as\u00ed como <em>Solo aquello que pasa por todas las puertas<\/em> en el Pabell\u00f3n de mixtos de la Ciudadela de Pamplona (2021), la instalaci\u00f3n <em>Quatro Paredes de \u00c1gua<\/em> (2019), en colaboraci\u00f3n con AC\/E y el Ayuntamiento de Lisboa, que fue recomendada por ARCO Lisboa de ese a\u00f1o, y <em>Rituales del Imaginario <\/em>(2016), fruto de su residencia art\u00edstica de tres meses en la Fundaci\u00f3n Arantzazu Gaur en Guip\u00fazcoa. Recientemente ha participado en Drawing Room Lisboa 2021 y Drawing Room Madrid 2022.<\/p>\t\t\t\t\t\t\t\t<\/div>\n\t\t\t\t<\/div>\n\t\t\t\t<div class=\"elementor-element elementor-element-1422b32 elementor-widget elementor-widget-button\" data-id=\"1422b32\" data-element_type=\"widget\" data-e-type=\"widget\" data-widget_type=\"button.default\">\n\t\t\t\t<div class=\"elementor-widget-container\">\n\t\t\t\t\t\t\t\t\t<div class=\"elementor-button-wrapper\">\n\t\t\t\t\t<a class=\"elementor-button elementor-button-link elementor-size-sm\" href=\"https:\/\/kreislerart.com\/artists\/cesar-barrio\/\" target=\"_blank\" rel=\"noopener\">\n\t\t\t\t\t\t<span class=\"elementor-button-content-wrapper\">\n\t\t\t\t\t\t\t\t\t<span class=\"elementor-button-text\">View artist's artwork<\/span>\n\t\t\t\t\t<\/span>\n\t\t\t\t\t<\/a>\n\t\t\t\t<\/div>\n\t\t\t\t\t\t\t\t<\/div>\n\t\t\t\t<\/div>\n\t\t\t\t\t<\/div>\n\t\t<\/div>\n\t\t\t\t\t<\/div>\n\t\t<\/section>\n\t\t\t\t<section class=\"elementor-section elementor-top-section elementor-element elementor-element-2be8ccd elementor-section-boxed elementor-section-height-default elementor-section-height-default\" data-id=\"2be8ccd\" data-element_type=\"section\" data-e-type=\"section\">\n\t\t\t\t\t\t<div class=\"elementor-container elementor-column-gap-default\">\n\t\t\t\t\t<div class=\"elementor-column elementor-col-100 elementor-top-column elementor-element elementor-element-bdabd1c\" data-id=\"bdabd1c\" data-element_type=\"column\" data-e-type=\"column\">\n\t\t\t<div class=\"elementor-widget-wrap elementor-element-populated\">\n\t\t\t\t\t\t<div class=\"elementor-element elementor-element-bb8a7e5 elementor-widget elementor-widget-heading\" data-id=\"bb8a7e5\" data-element_type=\"widget\" data-e-type=\"widget\" data-widget_type=\"heading.default\">\n\t\t\t\t<div class=\"elementor-widget-container\">\n\t\t\t\t\t<h3 class=\"elementor-heading-title elementor-size-default\">my exhibitions at Tamara kreisler gallery<\/h3>\t\t\t\t<\/div>\n\t\t\t\t<\/div>\n\t\t\t\t\t<\/div>\n\t\t<\/div>\n\t\t\t\t\t<\/div>\n\t\t<\/section>\n\t\t\t\t<\/div>\n\t\t","protected":false},"excerpt":{"rendered":"<p>C\u00c9SAR BARRIO Es un artista que partiendo de la pintura, trabaja en otros formatos como la escultura, el video arte, o la performance creando un di\u00e1logo con esta. Su obra plantea una reflexi\u00f3n sobre que es propiamente la pintura. Realiz\u00e1ndose preguntas sobre el espacio, la escala o la luz y la profundidad, y sobre el [&hellip;]<\/p>\n","protected":false},"author":1,"featured_media":0,"parent":553,"menu_order":0,"comment_status":"closed","ping_status":"closed","template":"","meta":{"footnotes":"","_links_to":"","_links_to_target":""},"class_list":["post-1266","page","type-page","status-publish","hentry"],"_links":{"self":[{"href":"https:\/\/tamarakreislergallery.com\/en\/wp-json\/wp\/v2\/pages\/1266","targetHints":{"allow":["GET"]}}],"collection":[{"href":"https:\/\/tamarakreislergallery.com\/en\/wp-json\/wp\/v2\/pages"}],"about":[{"href":"https:\/\/tamarakreislergallery.com\/en\/wp-json\/wp\/v2\/types\/page"}],"author":[{"embeddable":true,"href":"https:\/\/tamarakreislergallery.com\/en\/wp-json\/wp\/v2\/users\/1"}],"replies":[{"embeddable":true,"href":"https:\/\/tamarakreislergallery.com\/en\/wp-json\/wp\/v2\/comments?post=1266"}],"version-history":[{"count":39,"href":"https:\/\/tamarakreislergallery.com\/en\/wp-json\/wp\/v2\/pages\/1266\/revisions"}],"predecessor-version":[{"id":3155,"href":"https:\/\/tamarakreislergallery.com\/en\/wp-json\/wp\/v2\/pages\/1266\/revisions\/3155"}],"up":[{"embeddable":true,"href":"https:\/\/tamarakreislergallery.com\/en\/wp-json\/wp\/v2\/pages\/553"}],"wp:attachment":[{"href":"https:\/\/tamarakreislergallery.com\/en\/wp-json\/wp\/v2\/media?parent=1266"}],"curies":[{"name":"wp","href":"https:\/\/api.w.org\/{rel}","templated":true}]}}