{"id":2339,"date":"2023-12-19T16:09:39","date_gmt":"2023-12-19T14:09:39","guid":{"rendered":"https:\/\/tamarakreislergallery.com\/?page_id=2339"},"modified":"2026-02-18T18:54:09","modified_gmt":"2026-02-18T16:54:09","slug":"tamara-kreisler-gallery-proyectos","status":"publish","type":"page","link":"https:\/\/tamarakreislergallery.com\/en\/tamara-kreisler-gallery-proyectos","title":{"rendered":"TAMARA KREISLER Gallery Proyectos"},"content":{"rendered":"\t\t<div data-elementor-type=\"wp-page\" data-elementor-id=\"2339\" class=\"elementor elementor-2339 elementor-1773\" data-elementor-post-type=\"page\">\n\t\t\t\t\t\t<section class=\"elementor-section elementor-top-section elementor-element elementor-element-62c6a0d elementor-section-boxed elementor-section-height-default elementor-section-height-default\" data-id=\"62c6a0d\" data-element_type=\"section\" data-e-type=\"section\">\n\t\t\t\t\t\t<div class=\"elementor-container elementor-column-gap-default\">\n\t\t\t\t\t<div class=\"elementor-column elementor-col-50 elementor-top-column elementor-element elementor-element-5df61bb\" data-id=\"5df61bb\" data-element_type=\"column\" data-e-type=\"column\" data-settings=\"{&quot;background_background&quot;:&quot;classic&quot;,&quot;background_motion_fx_motion_fx_scrolling&quot;:&quot;yes&quot;,&quot;background_motion_fx_motion_fx_mouse&quot;:&quot;yes&quot;,&quot;background_motion_fx_devices&quot;:[&quot;desktop&quot;,&quot;tablet&quot;,&quot;mobile&quot;]}\">\n\t\t\t<div class=\"elementor-widget-wrap\">\n\t\t\t\t\t\t\t<\/div>\n\t\t<\/div>\n\t\t\t\t<div class=\"elementor-column elementor-col-50 elementor-top-column elementor-element elementor-element-f274899\" data-id=\"f274899\" data-element_type=\"column\" data-e-type=\"column\">\n\t\t\t<div class=\"elementor-widget-wrap elementor-element-populated\">\n\t\t\t\t\t\t<div class=\"elementor-element elementor-element-c89b5ac elementor-widget elementor-widget-heading\" data-id=\"c89b5ac\" data-element_type=\"widget\" data-e-type=\"widget\" data-widget_type=\"heading.default\">\n\t\t\t\t<div class=\"elementor-widget-container\">\n\t\t\t\t\t<h2 class=\"elementor-heading-title elementor-size-default\"><span style=\"letter-spacing: 11.04px\">TAMARA KREISLER\nGallery \nproyectos<\/span><\/h2>\t\t\t\t<\/div>\n\t\t\t\t<\/div>\n\t\t\t\t<div class=\"elementor-element elementor-element-82ca137 elementor-widget elementor-widget-text-editor\" data-id=\"82ca137\" data-element_type=\"widget\" data-e-type=\"widget\" data-widget_type=\"text-editor.default\">\n\t\t\t\t<div class=\"elementor-widget-container\">\n\t\t\t\t\t\t\t\t\t<p>En la Galer\u00eda TAMARA KREISLER ofrecemos una experiencia art\u00edstica \u00fanica<br \/>\u00a0con nuestros diversos proyectos:<\/p>\t\t\t\t\t\t\t\t<\/div>\n\t\t\t\t<\/div>\n\t\t\t\t\t<\/div>\n\t\t<\/div>\n\t\t\t\t\t<\/div>\n\t\t<\/section>\n\t\t\t\t<section class=\"elementor-section elementor-top-section elementor-element elementor-element-7cb7606 elementor-section-boxed elementor-section-height-default elementor-section-height-default\" data-id=\"7cb7606\" data-element_type=\"section\" data-e-type=\"section\">\n\t\t\t\t\t\t<div class=\"elementor-container elementor-column-gap-default\">\n\t\t\t\t\t<div class=\"elementor-column elementor-col-50 elementor-top-column elementor-element elementor-element-8fb3fb8\" data-id=\"8fb3fb8\" data-element_type=\"column\" data-e-type=\"column\">\n\t\t\t<div class=\"elementor-widget-wrap elementor-element-populated\">\n\t\t\t\t\t\t<div class=\"elementor-element elementor-element-e2085a2 elementor-widget elementor-widget-heading\" data-id=\"e2085a2\" data-element_type=\"widget\" data-e-type=\"widget\" data-widget_type=\"heading.default\">\n\t\t\t\t<div class=\"elementor-widget-container\">\n\t\t\t\t\t<h2 class=\"elementor-heading-title elementor-size-default\"><a href=\"https:\/\/tamarakreislergallery.com\/en\/tklub\"><span style=\"letter-spacing: 11.04px\">TKlub<\/span><\/a><\/h2>\t\t\t\t<\/div>\n\t\t\t\t<\/div>\n\t\t\t\t<div class=\"elementor-element elementor-element-0cf5244 elementor-widget elementor-widget-text-editor\" data-id=\"0cf5244\" data-element_type=\"widget\" data-e-type=\"widget\" data-widget_type=\"text-editor.default\">\n\t\t\t\t<div class=\"elementor-widget-container\">\n\t\t\t\t\t\t\t\t\t<p>En colaboraci\u00f3n con el CPS, lanzamos esta nueva iniciativa con un lema claro: democratizar el acceso a la obra de arte. Un modelo de membres\u00eda que te permitir\u00e1 disfrutar de obras originales, ideal para ampliar tu colecci\u00f3n de arte o iniciarte en ello.<\/p><p>VENTAJAS<\/p><ul><li>Las cuotas se convierten en obras de arte<\/li><li>Ediciones exclusivas<\/li><li>Descuentos para miembros<\/li><li>Recibe la revista dos veces al a\u00f1o.<\/li><li>Visitas guiadas<\/li><li>Conciertos y eventos<\/li><\/ul>\t\t\t\t\t\t\t\t<\/div>\n\t\t\t\t<\/div>\n\t\t\t\t\t<\/div>\n\t\t<\/div>\n\t\t\t\t<div class=\"elementor-column elementor-col-50 elementor-top-column elementor-element elementor-element-58330ef\" data-id=\"58330ef\" data-element_type=\"column\" data-e-type=\"column\">\n\t\t\t<div class=\"elementor-widget-wrap elementor-element-populated\">\n\t\t\t\t\t\t<div class=\"elementor-element elementor-element-809f5f8 elementor-widget elementor-widget-image\" data-id=\"809f5f8\" data-element_type=\"widget\" data-e-type=\"widget\" data-widget_type=\"image.default\">\n\t\t\t\t<div class=\"elementor-widget-container\">\n\t\t\t\t\t\t\t\t\t\t\t\t\t\t\t<img fetchpriority=\"high\" decoding=\"async\" width=\"800\" height=\"688\" src=\"https:\/\/tamarakreislergallery.com\/wp-content\/uploads\/2025\/12\/Captura-de-pantalla-2025-12-09-173052-1024x880.png\" class=\"attachment-large size-large wp-image-4336\" alt=\"\" srcset=\"https:\/\/tamarakreislergallery.com\/wp-content\/uploads\/2025\/12\/Captura-de-pantalla-2025-12-09-173052-1024x880.png 1024w, https:\/\/tamarakreislergallery.com\/wp-content\/uploads\/2025\/12\/Captura-de-pantalla-2025-12-09-173052-300x258.png 300w, https:\/\/tamarakreislergallery.com\/wp-content\/uploads\/2025\/12\/Captura-de-pantalla-2025-12-09-173052-768x660.png 768w, https:\/\/tamarakreislergallery.com\/wp-content\/uploads\/2025\/12\/Captura-de-pantalla-2025-12-09-173052.png 1107w\" sizes=\"(max-width: 800px) 100vw, 800px\" \/>\t\t\t\t\t\t\t\t\t\t\t\t\t\t\t<\/div>\n\t\t\t\t<\/div>\n\t\t\t\t\t<\/div>\n\t\t<\/div>\n\t\t\t\t\t<\/div>\n\t\t<\/section>\n\t\t\t\t<section class=\"elementor-section elementor-top-section elementor-element elementor-element-52eabde elementor-section-boxed elementor-section-height-default elementor-section-height-default\" data-id=\"52eabde\" data-element_type=\"section\" data-e-type=\"section\">\n\t\t\t\t\t\t<div class=\"elementor-container elementor-column-gap-default\">\n\t\t\t\t\t<div class=\"elementor-column elementor-col-50 elementor-top-column elementor-element elementor-element-28e3bd7\" data-id=\"28e3bd7\" data-element_type=\"column\" data-e-type=\"column\" data-settings=\"{&quot;background_background&quot;:&quot;classic&quot;,&quot;background_motion_fx_motion_fx_scrolling&quot;:&quot;yes&quot;,&quot;background_motion_fx_motion_fx_mouse&quot;:&quot;yes&quot;,&quot;background_motion_fx_devices&quot;:[&quot;desktop&quot;,&quot;tablet&quot;,&quot;mobile&quot;]}\">\n\t\t\t<div class=\"elementor-widget-wrap\">\n\t\t\t\t\t\t\t<\/div>\n\t\t<\/div>\n\t\t\t\t<div class=\"elementor-column elementor-col-50 elementor-top-column elementor-element elementor-element-afc597a\" data-id=\"afc597a\" data-element_type=\"column\" data-e-type=\"column\">\n\t\t\t<div class=\"elementor-widget-wrap elementor-element-populated\">\n\t\t\t\t\t\t<div class=\"elementor-element elementor-element-a4aca24 elementor-widget elementor-widget-heading\" data-id=\"a4aca24\" data-element_type=\"widget\" data-e-type=\"widget\" data-widget_type=\"heading.default\">\n\t\t\t\t<div class=\"elementor-widget-container\">\n\t\t\t\t\t<h2 class=\"elementor-heading-title elementor-size-default\">TKCOLLECTORS<\/h2>\t\t\t\t<\/div>\n\t\t\t\t<\/div>\n\t\t\t\t<div class=\"elementor-element elementor-element-be97996 elementor-widget elementor-widget-text-editor\" data-id=\"be97996\" data-element_type=\"widget\" data-e-type=\"widget\" data-widget_type=\"text-editor.default\">\n\t\t\t\t<div class=\"elementor-widget-container\">\n\t\t\t\t\t\t\t\t\t<p>Gracias a la experiencia de a\u00f1os en el mundo del arte, te podemos acompa\u00f1ar tanto si eres un cliente privado como una empresa, si ya tienes una colecci\u00f3n formada o est\u00e1s empezando a coleccionar, acomp\u00e1\u00f1andote en el proceso de hacer de tu colecci\u00f3n una parte importante de tu vida. Nunca te aconsejaremos comprar una obra que no ames. Juntos podremos:<\/p><ul><li>Seleccionar artistas y obras en todo el mundo.<\/li><li>Organizar transportes y seguros.<\/li><li>Montar y conservar tu colecci\u00f3n.<\/li><li>Volver poner en el mercado las obras.<\/li><li>Catalogar y organizar tu colecci\u00f3n.<\/li><\/ul>\t\t\t\t\t\t\t\t<\/div>\n\t\t\t\t<\/div>\n\t\t\t\t\t<\/div>\n\t\t<\/div>\n\t\t\t\t\t<\/div>\n\t\t<\/section>\n\t\t\t\t<section class=\"elementor-section elementor-top-section elementor-element elementor-element-6905761 elementor-section-boxed elementor-section-height-default elementor-section-height-default\" data-id=\"6905761\" data-element_type=\"section\" data-e-type=\"section\">\n\t\t\t\t\t\t<div class=\"elementor-container elementor-column-gap-default\">\n\t\t\t\t\t<div class=\"elementor-column elementor-col-50 elementor-top-column elementor-element elementor-element-a55cbb4\" data-id=\"a55cbb4\" data-element_type=\"column\" data-e-type=\"column\">\n\t\t\t<div class=\"elementor-widget-wrap elementor-element-populated\">\n\t\t\t\t\t\t<div class=\"elementor-element elementor-element-4ae8130 elementor-widget elementor-widget-heading\" data-id=\"4ae8130\" data-element_type=\"widget\" data-e-type=\"widget\" data-widget_type=\"heading.default\">\n\t\t\t\t<div class=\"elementor-widget-container\">\n\t\t\t\t\t<h2 class=\"elementor-heading-title elementor-size-default\">TKINTERIORS<\/h2>\t\t\t\t<\/div>\n\t\t\t\t<\/div>\n\t\t\t\t<div class=\"elementor-element elementor-element-9ba0282 elementor-widget elementor-widget-text-editor\" data-id=\"9ba0282\" data-element_type=\"widget\" data-e-type=\"widget\" data-widget_type=\"text-editor.default\">\n\t\t\t\t<div class=\"elementor-widget-container\">\n\t\t\t\t\t\t\t\t\tFacilitamos el trabajo de inmobiliarias, arquitectos, dise\u00f1adores de interiores y decoradores aportando el toque art\u00edstico que completa los trabajos de decoraci\u00f3n que ellos realizan. Realizando renders con distintas alternativas art\u00edsticas que se adaptan a las necesidades y estilos de cada proyecto de interiorismo. Contamos con un abanico de artistas en todas la disciplinas as\u00ed como lenguajes art\u00edsticos para ayudarte a que tus proyectos sean \u00fanicos. \t\t\t\t\t\t\t\t<\/div>\n\t\t\t\t<\/div>\n\t\t\t\t\t<\/div>\n\t\t<\/div>\n\t\t\t\t<div class=\"elementor-column elementor-col-50 elementor-top-column elementor-element elementor-element-6c252f6\" data-id=\"6c252f6\" data-element_type=\"column\" data-e-type=\"column\" data-settings=\"{&quot;background_background&quot;:&quot;classic&quot;,&quot;background_motion_fx_motion_fx_scrolling&quot;:&quot;yes&quot;,&quot;background_motion_fx_motion_fx_mouse&quot;:&quot;yes&quot;,&quot;background_motion_fx_devices&quot;:[&quot;desktop&quot;,&quot;tablet&quot;,&quot;mobile&quot;]}\">\n\t\t\t<div class=\"elementor-widget-wrap\">\n\t\t\t\t\t\t\t<\/div>\n\t\t<\/div>\n\t\t\t\t\t<\/div>\n\t\t<\/section>\n\t\t\t\t<section class=\"elementor-section elementor-top-section elementor-element elementor-element-cb7ca0d elementor-section-boxed elementor-section-height-default elementor-section-height-default\" data-id=\"cb7ca0d\" data-element_type=\"section\" data-e-type=\"section\">\n\t\t\t\t\t\t<div class=\"elementor-container elementor-column-gap-default\">\n\t\t\t\t\t<div class=\"elementor-column elementor-col-50 elementor-top-column elementor-element elementor-element-357aa3a\" data-id=\"357aa3a\" data-element_type=\"column\" data-e-type=\"column\" data-settings=\"{&quot;background_background&quot;:&quot;classic&quot;,&quot;background_motion_fx_motion_fx_scrolling&quot;:&quot;yes&quot;,&quot;background_motion_fx_motion_fx_mouse&quot;:&quot;yes&quot;,&quot;background_motion_fx_devices&quot;:[&quot;desktop&quot;,&quot;tablet&quot;,&quot;mobile&quot;]}\">\n\t\t\t<div class=\"elementor-widget-wrap\">\n\t\t\t\t\t\t\t<\/div>\n\t\t<\/div>\n\t\t\t\t<div class=\"elementor-column elementor-col-50 elementor-top-column elementor-element elementor-element-2d09f3a\" data-id=\"2d09f3a\" data-element_type=\"column\" data-e-type=\"column\">\n\t\t\t<div class=\"elementor-widget-wrap elementor-element-populated\">\n\t\t\t\t\t\t<div class=\"elementor-element elementor-element-8b17c32 elementor-widget elementor-widget-heading\" data-id=\"8b17c32\" data-element_type=\"widget\" data-e-type=\"widget\" data-widget_type=\"heading.default\">\n\t\t\t\t<div class=\"elementor-widget-container\">\n\t\t\t\t\t<h2 class=\"elementor-heading-title elementor-size-default\">TKACTIVE<\/h2>\t\t\t\t<\/div>\n\t\t\t\t<\/div>\n\t\t\t\t<div class=\"elementor-element elementor-element-8314604 elementor-widget elementor-widget-text-editor\" data-id=\"8314604\" data-element_type=\"widget\" data-e-type=\"widget\" data-widget_type=\"text-editor.default\">\n\t\t\t\t<div class=\"elementor-widget-container\">\n\t\t\t\t\t\t\t\t\t<p>Estamos convencidos de que vivir rodeado de arte en mucho m\u00e1s agradable y te har\u00e1 ser mucho m\u00e1s feliz, por lo que nos encanta organizar eventos de arte en la galera y fuera de ella. Prueba a tener desayunos, comidas y cenas rodeados de arte, hacer talleres, visitar estudios de artistas y ferias de arte nacionales e internacionales, as\u00ed como ir a exposiciones en museos y centros culturales. Porque el arte puede ser muy emocionante, divertido y accesible, d\u00e9janos demostr\u00e1rtelo.<\/p><p>Una vez al mes organizados una comida con mucho arte para disfrutar de la exposici\u00f3n que este en ese momento en la galer\u00eda as\u00ed como organizamos eventos como charlas, presentaciones de productos, desfiles, cocktails y celebraciones, que son mucho m\u00e1s especiales rodeados de arte.<\/p>\t\t\t\t\t\t\t\t<\/div>\n\t\t\t\t<\/div>\n\t\t\t\t\t<\/div>\n\t\t<\/div>\n\t\t\t\t\t<\/div>\n\t\t<\/section>\n\t\t\t\t<section class=\"elementor-section elementor-top-section elementor-element elementor-element-5cc5ad3 elementor-section-boxed elementor-section-height-default elementor-section-height-default\" data-id=\"5cc5ad3\" data-element_type=\"section\" data-e-type=\"section\">\n\t\t\t\t\t\t<div class=\"elementor-container elementor-column-gap-default\">\n\t\t\t\t\t<div class=\"elementor-column elementor-col-50 elementor-top-column elementor-element elementor-element-477a69c\" data-id=\"477a69c\" data-element_type=\"column\" data-e-type=\"column\">\n\t\t\t<div class=\"elementor-widget-wrap elementor-element-populated\">\n\t\t\t\t\t\t<div class=\"elementor-element elementor-element-9e81b64 elementor-widget elementor-widget-heading\" data-id=\"9e81b64\" data-element_type=\"widget\" data-e-type=\"widget\" data-widget_type=\"heading.default\">\n\t\t\t\t<div class=\"elementor-widget-container\">\n\t\t\t\t\t<h2 class=\"elementor-heading-title elementor-size-default\">TKTOKEN<\/h2>\t\t\t\t<\/div>\n\t\t\t\t<\/div>\n\t\t\t\t<div class=\"elementor-element elementor-element-8e6cc4a elementor-widget elementor-widget-text-editor\" data-id=\"8e6cc4a\" data-element_type=\"widget\" data-e-type=\"widget\" data-widget_type=\"text-editor.default\">\n\t\t\t\t<div class=\"elementor-widget-container\">\n\t\t\t\t\t\t\t\t\t<p>Te ayudamos a dise\u00f1ar y elaborar el recuerdo o trofeo que completa tu evento. \u00bfQui\u00e9n ha dicho que el arte, por que sea de formato peque\u00f1o, no puede ser de calidad y belleza? No te preocupes por el presupuesto, nos acomodamos a tus necesidades para poder hacer de tu evento algo que perdur\u00e9 en el tiempo gracias a el recuerdo que puede producir una obra de arte, en cualquier persona.<\/p>\t\t\t\t\t\t\t\t<\/div>\n\t\t\t\t<\/div>\n\t\t\t\t\t<\/div>\n\t\t<\/div>\n\t\t\t\t<div class=\"elementor-column elementor-col-50 elementor-top-column elementor-element elementor-element-f8f729f\" data-id=\"f8f729f\" data-element_type=\"column\" data-e-type=\"column\" data-settings=\"{&quot;background_background&quot;:&quot;classic&quot;,&quot;background_motion_fx_motion_fx_scrolling&quot;:&quot;yes&quot;,&quot;background_motion_fx_motion_fx_mouse&quot;:&quot;yes&quot;,&quot;background_motion_fx_devices&quot;:[&quot;desktop&quot;,&quot;tablet&quot;,&quot;mobile&quot;]}\">\n\t\t\t<div class=\"elementor-widget-wrap\">\n\t\t\t\t\t\t\t<\/div>\n\t\t<\/div>\n\t\t\t\t\t<\/div>\n\t\t<\/section>\n\t\t\t\t<section class=\"elementor-section elementor-top-section elementor-element elementor-element-4999ee3 elementor-section-boxed elementor-section-height-default elementor-section-height-default\" data-id=\"4999ee3\" data-element_type=\"section\" data-e-type=\"section\">\n\t\t\t\t\t\t<div class=\"elementor-container elementor-column-gap-default\">\n\t\t\t\t\t<div class=\"elementor-column elementor-col-50 elementor-top-column elementor-element elementor-element-8e24320\" data-id=\"8e24320\" data-element_type=\"column\" data-e-type=\"column\" data-settings=\"{&quot;background_background&quot;:&quot;classic&quot;,&quot;background_motion_fx_motion_fx_scrolling&quot;:&quot;yes&quot;,&quot;background_motion_fx_motion_fx_mouse&quot;:&quot;yes&quot;,&quot;background_motion_fx_devices&quot;:[&quot;desktop&quot;,&quot;tablet&quot;,&quot;mobile&quot;]}\">\n\t\t\t<div class=\"elementor-widget-wrap\">\n\t\t\t\t\t\t\t<\/div>\n\t\t<\/div>\n\t\t\t\t<div class=\"elementor-column elementor-col-50 elementor-top-column elementor-element elementor-element-14c8d3a\" data-id=\"14c8d3a\" data-element_type=\"column\" data-e-type=\"column\">\n\t\t\t<div class=\"elementor-widget-wrap elementor-element-populated\">\n\t\t\t\t\t\t<div class=\"elementor-element elementor-element-e9dbcce elementor-widget elementor-widget-heading\" data-id=\"e9dbcce\" data-element_type=\"widget\" data-e-type=\"widget\" data-widget_type=\"heading.default\">\n\t\t\t\t<div class=\"elementor-widget-container\">\n\t\t\t\t\t<h2 class=\"elementor-heading-title elementor-size-default\">TKBrands<\/h2>\t\t\t\t<\/div>\n\t\t\t\t<\/div>\n\t\t\t\t<div class=\"elementor-element elementor-element-8cfaa8e elementor-widget elementor-widget-text-editor\" data-id=\"8cfaa8e\" data-element_type=\"widget\" data-e-type=\"widget\" data-widget_type=\"text-editor.default\">\n\t\t\t\t<div class=\"elementor-widget-container\">\n\t\t\t\t\t\t\t\t\t<p>El arte puede ser un aliado fant\u00e1stico para las marcas por varias razones, ya que los elementos art\u00edsticos como logotipos, tipograf\u00eda e im\u00e1genes pueden mejorar significativamente el atractivo visual de una marca, captando la atenci\u00f3n, creando una impresi\u00f3n memorable y diferenciando la marca de los competidores.<\/p><p>No solo eso, sino que el arte tiene el poder de evocar emociones y crear una conexi\u00f3n con la audiencia a un nivel m\u00e1s profundo. Al incorporar elementos art\u00edsticos en tu marca, las empresas pueden aprovechar las emociones de su p\u00fablico objetivo, fomentando la lealtad y el compromiso.<\/p><p>El uso consistente de elementos art\u00edsticos construye el reconocimiento de marca. En un mercado saturado, destacar es esencial. La marca art\u00edstica puede ayudar a una empresa a diferenciarse de la competencia al crear una identidad visual distintiva que la haga \u00fanica.<\/p><p>Podemos ayudarte a integrar el arte en la marca para crear una identidad de marca s\u00f3lida y memorable que resuene con los consumidores y conduzca al \u00e9xito en el mercado. \u00bfQu\u00e9 te parece?<\/p>\t\t\t\t\t\t\t\t<\/div>\n\t\t\t\t<\/div>\n\t\t\t\t\t<\/div>\n\t\t<\/div>\n\t\t\t\t\t<\/div>\n\t\t<\/section>\n\t\t\t\t<section class=\"elementor-section elementor-top-section elementor-element elementor-element-5cbd57d elementor-section-boxed elementor-section-height-default elementor-section-height-default\" data-id=\"5cbd57d\" data-element_type=\"section\" data-e-type=\"section\">\n\t\t\t\t\t\t<div class=\"elementor-container elementor-column-gap-default\">\n\t\t\t\t\t<div class=\"elementor-column elementor-col-100 elementor-top-column elementor-element elementor-element-eb2e69b\" data-id=\"eb2e69b\" data-element_type=\"column\" data-e-type=\"column\">\n\t\t\t<div class=\"elementor-widget-wrap elementor-element-populated\">\n\t\t\t\t\t\t<div class=\"elementor-element elementor-element-c81add2 elementor-cta--layout-image-left elementor-cta--skin-classic elementor-animated-content elementor-bg-transform elementor-bg-transform-zoom-in elementor-widget elementor-widget-call-to-action\" data-id=\"c81add2\" data-element_type=\"widget\" data-e-type=\"widget\" data-widget_type=\"call-to-action.default\">\n\t\t\t\t<div class=\"elementor-widget-container\">\n\t\t\t\t\t\t\t<div class=\"elementor-cta\">\n\t\t\t\t\t<div class=\"elementor-cta__bg-wrapper\">\n\t\t\t\t<div class=\"elementor-cta__bg elementor-bg\" style=\"background-image: url(https:\/\/tamarakreislergallery.com\/wp-content\/uploads\/2023\/04\/Cesar-Barrio.-Partitura-de-una-catedral-sumergida.jpg-1024x1005.png);\" role=\"img\" aria-label=\"Cesar Barrio. Partitura de una catedral sumergida.jpg\"><\/div>\n\t\t\t\t<div class=\"elementor-cta__bg-overlay\"><\/div>\n\t\t\t<\/div>\n\t\t\t\t\t\t\t<div class=\"elementor-cta__content\">\n\t\t\t\t\n\t\t\t\t\t\t\t\t\t<h2 class=\"elementor-cta__title elementor-cta__content-item elementor-content-item\">\n\t\t\t\t\t\tA\u00d1ADE ARTE A TU PROYECTO\t\t\t\t\t<\/h2>\n\t\t\t\t\n\t\t\t\t\t\t\t\t\t<div class=\"elementor-cta__description elementor-cta__content-item elementor-content-item\">\n\t\t\t\t\t\tP\u00eddenos m\u00e1s informaci\u00f3n sin compromiso\t\t\t\t\t<\/div>\n\t\t\t\t\n\t\t\t\t\t\t\t\t\t<div class=\"elementor-cta__button-wrapper elementor-cta__content-item elementor-content-item \">\n\t\t\t\t\t<a class=\"elementor-cta__button elementor-button elementor-size-\" href=\"mailto:tamara@tamarakreisler.com\">\n\t\t\t\t\t\tCont\u00e1ctanos\t\t\t\t\t<\/a>\n\t\t\t\t\t<\/div>\n\t\t\t\t\t\t\t<\/div>\n\t\t\t\t\t\t<\/div>\n\t\t\t\t\t\t<\/div>\n\t\t\t\t<\/div>\n\t\t\t\t\t<\/div>\n\t\t<\/div>\n\t\t\t\t\t<\/div>\n\t\t<\/section>\n\t\t\t\t<\/div>\n\t\t","protected":false},"excerpt":{"rendered":"<p>TAMARA KREISLER Gallery proyectos En la Galer\u00eda TAMARA KREISLER ofrecemos una experiencia art\u00edstica \u00fanica\u00a0con nuestros diversos proyectos: TKlub En colaboraci\u00f3n con el CPS, lanzamos esta nueva iniciativa con un lema claro: democratizar el acceso a la obra de arte. Un modelo de membres\u00eda que te permitir\u00e1 disfrutar de obras originales, ideal para ampliar tu colecci\u00f3n [&hellip;]<\/p>\n","protected":false},"author":1,"featured_media":0,"parent":0,"menu_order":0,"comment_status":"closed","ping_status":"closed","template":"","meta":{"footnotes":"","_links_to":"","_links_to_target":""},"class_list":["post-2339","page","type-page","status-publish","hentry"],"_links":{"self":[{"href":"https:\/\/tamarakreislergallery.com\/en\/wp-json\/wp\/v2\/pages\/2339","targetHints":{"allow":["GET"]}}],"collection":[{"href":"https:\/\/tamarakreislergallery.com\/en\/wp-json\/wp\/v2\/pages"}],"about":[{"href":"https:\/\/tamarakreislergallery.com\/en\/wp-json\/wp\/v2\/types\/page"}],"author":[{"embeddable":true,"href":"https:\/\/tamarakreislergallery.com\/en\/wp-json\/wp\/v2\/users\/1"}],"replies":[{"embeddable":true,"href":"https:\/\/tamarakreislergallery.com\/en\/wp-json\/wp\/v2\/comments?post=2339"}],"version-history":[{"count":8,"href":"https:\/\/tamarakreislergallery.com\/en\/wp-json\/wp\/v2\/pages\/2339\/revisions"}],"predecessor-version":[{"id":4550,"href":"https:\/\/tamarakreislergallery.com\/en\/wp-json\/wp\/v2\/pages\/2339\/revisions\/4550"}],"wp:attachment":[{"href":"https:\/\/tamarakreislergallery.com\/en\/wp-json\/wp\/v2\/media?parent=2339"}],"curies":[{"name":"wp","href":"https:\/\/api.w.org\/{rel}","templated":true}]}}