{"id":579,"date":"2023-04-19T15:43:06","date_gmt":"2023-04-19T13:43:06","guid":{"rendered":"http:\/\/tamarakreislergallery.com\/artists\/marina-gadea"},"modified":"2024-07-11T10:56:06","modified_gmt":"2024-07-11T08:56:06","slug":"marina-gadea","status":"publish","type":"page","link":"https:\/\/tamarakreislergallery.com\/en\/artists\/marina-gadea","title":{"rendered":"Marina Gadea"},"content":{"rendered":"\t\t<div data-elementor-type=\"wp-page\" data-elementor-id=\"579\" class=\"elementor elementor-579 elementor-181\" data-elementor-post-type=\"page\">\n\t\t\t\t\t\t<section class=\"elementor-section elementor-top-section elementor-element elementor-element-b87b5dd elementor-section-boxed elementor-section-height-default elementor-section-height-default\" data-id=\"b87b5dd\" data-element_type=\"section\" data-e-type=\"section\">\n\t\t\t\t\t\t<div class=\"elementor-container elementor-column-gap-default\">\n\t\t\t\t\t<div class=\"elementor-column elementor-col-50 elementor-top-column elementor-element elementor-element-82e9127\" data-id=\"82e9127\" data-element_type=\"column\" data-e-type=\"column\">\n\t\t\t<div class=\"elementor-widget-wrap elementor-element-populated\">\n\t\t\t\t\t\t<div class=\"elementor-element elementor-element-62f1295 elementor-widget elementor-widget-image\" data-id=\"62f1295\" data-element_type=\"widget\" data-e-type=\"widget\" data-widget_type=\"image.default\">\n\t\t\t\t<div class=\"elementor-widget-container\">\n\t\t\t\t\t\t\t\t\t\t\t\t\t\t\t<img fetchpriority=\"high\" decoding=\"async\" width=\"800\" height=\"791\" src=\"https:\/\/tamarakreislergallery.com\/wp-content\/uploads\/2023\/04\/AutorGadea.jpg\" class=\"attachment-large size-large wp-image-354\" alt=\"\" srcset=\"https:\/\/tamarakreislergallery.com\/wp-content\/uploads\/2023\/04\/AutorGadea.jpg 992w, https:\/\/tamarakreislergallery.com\/wp-content\/uploads\/2023\/04\/AutorGadea-300x297.jpg 300w, https:\/\/tamarakreislergallery.com\/wp-content\/uploads\/2023\/04\/AutorGadea-768x759.jpg 768w\" sizes=\"(max-width: 800px) 100vw, 800px\" \/>\t\t\t\t\t\t\t\t\t\t\t\t\t\t\t<\/div>\n\t\t\t\t<\/div>\n\t\t\t\t\t<\/div>\n\t\t<\/div>\n\t\t\t\t<div class=\"elementor-column elementor-col-50 elementor-top-column elementor-element elementor-element-f70b626\" data-id=\"f70b626\" data-element_type=\"column\" data-e-type=\"column\">\n\t\t\t<div class=\"elementor-widget-wrap elementor-element-populated\">\n\t\t\t\t\t\t<div class=\"elementor-element elementor-element-d1e0664 elementor-widget elementor-widget-text-editor\" data-id=\"d1e0664\" data-element_type=\"widget\" data-e-type=\"widget\" data-widget_type=\"text-editor.default\">\n\t\t\t\t<div class=\"elementor-widget-container\">\n\t\t\t\t\t\t\t\t\t<p>Marina Gadea is a professional artist from Cadiz, Spain, who expresses energy and emotion through colorful abstract paintings. Marina represents the expression of the artist&#8217;s pictorial emotion, individual and immediate. You can see in her work that rhythm, that harmony, that tone that approaches her even to a musical abstraction. His work is intuitive, emotional, organic, biomorphic, spontaneous. A commitment to free, open, pure, instinctive painting, in search of new spaces of life. Open and firm struggle for clarity. Her work is driven by the observation of landscape and cultures encountered through travel and aims to connect people and places. She is interested in landscape as a system of representation from which man can measure his world. The common thread that runs through Gadea&#8217;s work is a great fascination with nature, along with her willingness to travel and experience landscape painting. Originally from Cadiz (Andalusia), Marina moved to the east coast where she studied at the University of Murcia and Valencia. She currently lives in Cadiz where she works as an artist. Marina has made works of art for professional projects, has exhibited in Cultural Centers, Associations, hotel establishments, Hotels and sale to individuals. She won the first prize Diputaci\u00f3n de C\u00e1diz, selected in the CEC awards of the Confederaci\u00f3n de Empresarios de C\u00e1diz, Vipren Finalist Awards and Painting Contest of the Unicaja Foundation.<\/p>\t\t\t\t\t\t\t\t<\/div>\n\t\t\t\t<\/div>\n\t\t\t\t<div class=\"elementor-element elementor-element-768c517 elementor-widget elementor-widget-button\" data-id=\"768c517\" data-element_type=\"widget\" data-e-type=\"widget\" data-widget_type=\"button.default\">\n\t\t\t\t<div class=\"elementor-widget-container\">\n\t\t\t\t\t\t\t\t\t<div class=\"elementor-button-wrapper\">\n\t\t\t\t\t<a class=\"elementor-button elementor-button-link elementor-size-sm\" href=\"https:\/\/kreislerart.com\/artists\/marina-gadea\/\" target=\"_blank\" rel=\"noopener\">\n\t\t\t\t\t\t<span class=\"elementor-button-content-wrapper\">\n\t\t\t\t\t\t\t\t\t<span class=\"elementor-button-text\">View Available artwork<\/span>\n\t\t\t\t\t<\/span>\n\t\t\t\t\t<\/a>\n\t\t\t\t<\/div>\n\t\t\t\t\t\t\t\t<\/div>\n\t\t\t\t<\/div>\n\t\t\t\t\t<\/div>\n\t\t<\/div>\n\t\t\t\t\t<\/div>\n\t\t<\/section>\n\t\t\t\t<section class=\"elementor-section elementor-top-section elementor-element elementor-element-9bb5d92 elementor-section-boxed elementor-section-height-default elementor-section-height-default\" data-id=\"9bb5d92\" data-element_type=\"section\" data-e-type=\"section\">\n\t\t\t\t\t\t<div class=\"elementor-container elementor-column-gap-default\">\n\t\t\t\t\t<div class=\"elementor-column elementor-col-100 elementor-top-column elementor-element elementor-element-43fef91\" data-id=\"43fef91\" data-element_type=\"column\" data-e-type=\"column\">\n\t\t\t<div class=\"elementor-widget-wrap elementor-element-populated\">\n\t\t\t\t\t\t<div class=\"elementor-element elementor-element-e522d27 elementor-widget elementor-widget-heading\" data-id=\"e522d27\" data-element_type=\"widget\" data-e-type=\"widget\" data-widget_type=\"heading.default\">\n\t\t\t\t<div class=\"elementor-widget-container\">\n\t\t\t\t\t<h3 class=\"elementor-heading-title elementor-size-default\">my exhibitions at Tamara kreisler gallery<\/h3>\t\t\t\t<\/div>\n\t\t\t\t<\/div>\n\t\t\t\t\t<\/div>\n\t\t<\/div>\n\t\t\t\t\t<\/div>\n\t\t<\/section>\n\t\t\t\t<\/div>\n\t\t","protected":false},"excerpt":{"rendered":"<p>Marina Gadea is a professional artist from Cadiz, Spain, who expresses energy and emotion through colorful abstract paintings. Marina represents the expression of the artist&#8217;s pictorial emotion, individual and immediate. You can see in her work that rhythm, that harmony, that tone that approaches her even to a musical abstraction. His work is intuitive, emotional, [&hellip;]<\/p>\n","protected":false},"author":1,"featured_media":0,"parent":553,"menu_order":0,"comment_status":"closed","ping_status":"closed","template":"","meta":{"footnotes":"","_links_to":"","_links_to_target":""},"class_list":["post-579","page","type-page","status-publish","hentry"],"_links":{"self":[{"href":"https:\/\/tamarakreislergallery.com\/en\/wp-json\/wp\/v2\/pages\/579","targetHints":{"allow":["GET"]}}],"collection":[{"href":"https:\/\/tamarakreislergallery.com\/en\/wp-json\/wp\/v2\/pages"}],"about":[{"href":"https:\/\/tamarakreislergallery.com\/en\/wp-json\/wp\/v2\/types\/page"}],"author":[{"embeddable":true,"href":"https:\/\/tamarakreislergallery.com\/en\/wp-json\/wp\/v2\/users\/1"}],"replies":[{"embeddable":true,"href":"https:\/\/tamarakreislergallery.com\/en\/wp-json\/wp\/v2\/comments?post=579"}],"version-history":[{"count":7,"href":"https:\/\/tamarakreislergallery.com\/en\/wp-json\/wp\/v2\/pages\/579\/revisions"}],"predecessor-version":[{"id":3158,"href":"https:\/\/tamarakreislergallery.com\/en\/wp-json\/wp\/v2\/pages\/579\/revisions\/3158"}],"up":[{"embeddable":true,"href":"https:\/\/tamarakreislergallery.com\/en\/wp-json\/wp\/v2\/pages\/553"}],"wp:attachment":[{"href":"https:\/\/tamarakreislergallery.com\/en\/wp-json\/wp\/v2\/media?parent=579"}],"curies":[{"name":"wp","href":"https:\/\/api.w.org\/{rel}","templated":true}]}}